{"id":108,"date":"2017-08-04T04:11:54","date_gmt":"2017-08-04T04:11:54","guid":{"rendered":"http:\/\/demo.wenthemes.com\/education-hub\/?page_id=108"},"modified":"2020-06-11T13:12:38","modified_gmt":"2020-06-11T13:12:38","slug":"contactanos","status":"publish","type":"page","link":"https:\/\/consorciowilliamprescott.edu.pe\/index.php\/contactanos\/","title":{"rendered":"Cont\u00e1ctanos"},"content":{"rendered":"<body><p class=\"p1\"><strong>UBICACI\u00d3N: Prolongaci\u00f3n C\u00e9sar Vallejo 1368<\/strong><\/p>\n<p class=\"p1\"><strong>Urb. Palmas Reales \u2013 Los Olivos, <\/strong><strong>Lima \u2013 Per\u00fa<\/strong><\/p>\n<p>;<iframe loading=\"lazy\" style=\"border: 0;\" tabindex=\"0\" src=\"https:\/\/www.google.com\/maps\/embed?pb=!1m14!1m8!1m3!1d3902.7375004070473!2d-77.0793379!3d-11.9926568!3m2!1i1024!2i768!4f13.1!3m3!1m2!1s0x9105ce5c2866f0b5%3A0xb871b62a0006deea!2sWilliam%20Prescott!5e0!3m2!1sen!2spe!4v1588466353670!5m2!1sen!2spe\" width=\"600\" height=\"450\" frameborder=\"0\" allowfullscreen=\"allowfullscreen\" aria-hidden=\"false\"><\/iframe><\/p>\n<p>\u00a0<\/p>\n<p><strong>UBICACI\u00d3N: Mz. B Lote 5, Zafiro Cruce con Tritoma, Los Olivos<\/strong><strong>, <\/strong><strong>Lima \u2013 Per\u00fa<\/strong><br>\n<iframe loading=\"lazy\" style=\"border: 0;\" tabindex=\"0\" src=\"https:\/\/www.google.com\/maps\/embed?pb=!1m18!1m12!1m3!1d975.7005729898985!2d-77.07714680082414!3d-11.988178111604622!2m3!1f0!2f0!3f0!3m2!1i1024!2i768!4f13.1!3m3!1m2!1s0x9105ce5d208da515%3A0xf6c82c9f4e8074de!2sColegio%20Christian%20Barnard!5e0!3m2!1ses-419!2spe!4v1591880305276!5m2!1ses-419!2spe\" width=\"600\" height=\"450\" frameborder=\"0\" allowfullscreen=\"allowfullscreen\" aria-hidden=\"false\"><\/iframe><\/p>\n<p>\u00a0<\/p>\n<p class=\"p1\"><strong>UBICACI\u00d3N: <\/strong><strong>Mz. M Lt. 8 Urb. San Juan De Salinas, San Mart\u00edn de Porres<\/strong><strong>, <\/strong><strong>Lima \u2013 Per\u00fa<\/strong><\/p>\n<p><iframe loading=\"lazy\" style=\"border: 0;\" tabindex=\"0\" src=\"https:\/\/www.google.com\/maps\/embed?pb=!1m18!1m12!1m3!1d1951.4152095418278!2d-77.09901302530027!3d-11.986233322863406!2m3!1f0!2f0!3f0!3m2!1i1024!2i768!4f13.1!3m3!1m2!1s0x9105ce76de375cd9%3A0x47358f2f7ac2e284!2sConsorcio%20Educativo%20Privado%20William%20Prescott!5e0!3m2!1ses-419!2spe!4v1591878972720!5m2!1ses-419!2spe\" width=\"600\" height=\"450\" frameborder=\"0\" allowfullscreen=\"allowfullscreen\" aria-hidden=\"false\"><\/iframe><\/p>\n<\/body>","protected":false},"excerpt":{"rendered":"<p>UBICACI\u00d3N: Prolongaci\u00f3n C\u00e9sar Vallejo 1368 Urb. Palmas Reales \u2013 Los Olivos, Lima \u2013 Per\u00fa ; \u00a0 UBICACI\u00d3N: Mz. B Lote 5, Zafiro Cruce con Tritoma, Los Olivos, Lima \u2013 Per\u00fa \u00a0 UBICACI\u00d3N: Mz. M Lt. 8 Urb. San Juan De <a href=\"https:\/\/consorciowilliamprescott.edu.pe\/index.php\/contactanos\/\" class=\"read-more\">Read More &#8230;<\/a><\/p>\n","protected":false},"author":1,"featured_media":0,"parent":0,"menu_order":0,"comment_status":"closed","ping_status":"closed","template":"","meta":{"om_disable_all_campaigns":false,"_monsterinsights_skip_tracking":false,"_monsterinsights_sitenote_active":false,"_monsterinsights_sitenote_note":"","_monsterinsights_sitenote_category":0,"footnotes":""},"class_list":["post-108","page","type-page","status-publish","hentry"],"_links":{"self":[{"href":"https:\/\/consorciowilliamprescott.edu.pe\/index.php\/wp-json\/wp\/v2\/pages\/108","targetHints":{"allow":["GET"]}}],"collection":[{"href":"https:\/\/consorciowilliamprescott.edu.pe\/index.php\/wp-json\/wp\/v2\/pages"}],"about":[{"href":"https:\/\/consorciowilliamprescott.edu.pe\/index.php\/wp-json\/wp\/v2\/types\/page"}],"author":[{"embeddable":true,"href":"https:\/\/consorciowilliamprescott.edu.pe\/index.php\/wp-json\/wp\/v2\/users\/1"}],"replies":[{"embeddable":true,"href":"https:\/\/consorciowilliamprescott.edu.pe\/index.php\/wp-json\/wp\/v2\/comments?post=108"}],"version-history":[{"count":9,"href":"https:\/\/consorciowilliamprescott.edu.pe\/index.php\/wp-json\/wp\/v2\/pages\/108\/revisions"}],"predecessor-version":[{"id":268,"href":"https:\/\/consorciowilliamprescott.edu.pe\/index.php\/wp-json\/wp\/v2\/pages\/108\/revisions\/268"}],"wp:attachment":[{"href":"https:\/\/consorciowilliamprescott.edu.pe\/index.php\/wp-json\/wp\/v2\/media?parent=108"}],"curies":[{"name":"wp","href":"https:\/\/api.w.org\/{rel}","templated":true}]}}