{"id":33,"date":"2015-11-15T07:54:42","date_gmt":"2015-11-15T07:54:42","guid":{"rendered":"http:\/\/demo.wenthemes.com\/education-hub\/?page_id=33"},"modified":"2020-05-03T01:07:03","modified_gmt":"2020-05-03T01:07:03","slug":"quienessomos","status":"publish","type":"page","link":"https:\/\/consorciowilliamprescott.edu.pe\/index.php\/quienessomos\/","title":{"rendered":"Qui\u00e9nes Somos"},"content":{"rendered":"<body><p><\/p>\n<h1>LOGROS DE LA INSTITUCI\u00d3N A LA FECHA<\/h1>\n<p>Nuestra Instituci\u00f3n se mantiene en el liderazgo de la educaci\u00f3n en el Distrito de Los Olivos y Lima Metropolitana, gracias al alto nivel de ense\u00f1anza que se imparte a partir del nivel Inicial, prueba de esta preparaci\u00f3n el 90 % de nuestros ex alumnos est\u00e1n siguiendo sus carreras profesionales en las principales universidades del pa\u00eds y fuera de \u00e9l. Se imparte una educaci\u00f3n con valores, lo que nos da la oportunidad de formar futuros profesionales con un alto conocimiento y respeto por los dem\u00e1s.<\/p>\n<p><img decoding=\"async\" class=\"wp-image-180 size-full aligncenter\" src=\"http:\/\/consorciowilliamprescott.edu.pe\/wp-content\/uploads\/2020\/05\/WhatsApp-Image-2020-05-02-at-6.24.17-PM-2.jpeg\" alt=\"\" width=\"640\" height=\"480\" loading=\"lazy\" srcset=\"https:\/\/consorciowilliamprescott.edu.pe\/wp-content\/uploads\/2020\/05\/WhatsApp-Image-2020-05-02-at-6.24.17-PM-2.jpeg 640w, https:\/\/consorciowilliamprescott.edu.pe\/wp-content\/uploads\/2020\/05\/WhatsApp-Image-2020-05-02-at-6.24.17-PM-2-300x225.jpeg 300w, https:\/\/consorciowilliamprescott.edu.pe\/wp-content\/uploads\/2020\/05\/WhatsApp-Image-2020-05-02-at-6.24.17-PM-2-360x270.jpeg 360w\" sizes=\"auto, (max-width: 640px) 100vw, 640px\" \/><\/p>\n<h1>LA PLANA DOCENTE, ADMINISTRATIVO Y SERVICIO<\/h1>\n<p>El profesorado en general son del Primer nivel y calidad profesional, est\u00e1n en constante innovaci\u00f3n acad\u00e9mica y profesional haciendo honor a su lema: LIBERTAD, TRABAJO Y AMOR, producto del trabajo en equipo.<\/p>\n<p><img decoding=\"async\" class=\"wp-image-183 size-large aligncenter\" src=\"http:\/\/consorciowilliamprescott.edu.pe\/wp-content\/uploads\/2020\/05\/WhatsApp-Image-2020-05-02-at-6.24.45-PM-1024x768.jpeg\" alt=\"\" width=\"640\" height=\"480\" loading=\"lazy\" srcset=\"https:\/\/consorciowilliamprescott.edu.pe\/wp-content\/uploads\/2020\/05\/WhatsApp-Image-2020-05-02-at-6.24.45-PM-1024x768.jpeg 1024w, https:\/\/consorciowilliamprescott.edu.pe\/wp-content\/uploads\/2020\/05\/WhatsApp-Image-2020-05-02-at-6.24.45-PM-300x225.jpeg 300w, https:\/\/consorciowilliamprescott.edu.pe\/wp-content\/uploads\/2020\/05\/WhatsApp-Image-2020-05-02-at-6.24.45-PM-768x576.jpeg 768w, https:\/\/consorciowilliamprescott.edu.pe\/wp-content\/uploads\/2020\/05\/WhatsApp-Image-2020-05-02-at-6.24.45-PM-360x270.jpeg 360w, https:\/\/consorciowilliamprescott.edu.pe\/wp-content\/uploads\/2020\/05\/WhatsApp-Image-2020-05-02-at-6.24.45-PM.jpeg 1280w\" sizes=\"auto, (max-width: 640px) 100vw, 640px\" \/><\/p>\n<h1>VISI\u00d3N<\/h1>\n<p>Nuestra prestigiosa Instituci\u00f3n busca ser un colegio disciplinado, estimulante y fundado en valores que prepara a ni\u00f1os y j\u00f3venes para la vida, promoviendo el desarrollo de nuestros alumnos mediante una formaci\u00f3n integral y permanente ,basada en valores que permitan mejorar su calidad de vida a nivel personal y social, motiv\u00e1ndolos hacia el liderazgo haciendo uso de la m\u00e1s alta tecnolog\u00eda, de manera que al egresar sean aut\u00f3nomos y competentes para afrontar las exigencias de la vida moderna y a su vez que sean capaces de desenvolverse en cualquier \u00e1mbito de trabajo.<\/p>\n<p><img decoding=\"async\" class=\"wp-image-184 size-large aligncenter\" src=\"http:\/\/consorciowilliamprescott.edu.pe\/wp-content\/uploads\/2020\/05\/WhatsApp-Image-2020-05-02-at-6.24.49-PM-1-1024x768.jpeg\" alt=\"\" width=\"640\" height=\"480\" loading=\"lazy\" srcset=\"https:\/\/consorciowilliamprescott.edu.pe\/wp-content\/uploads\/2020\/05\/WhatsApp-Image-2020-05-02-at-6.24.49-PM-1-1024x768.jpeg 1024w, https:\/\/consorciowilliamprescott.edu.pe\/wp-content\/uploads\/2020\/05\/WhatsApp-Image-2020-05-02-at-6.24.49-PM-1-300x225.jpeg 300w, https:\/\/consorciowilliamprescott.edu.pe\/wp-content\/uploads\/2020\/05\/WhatsApp-Image-2020-05-02-at-6.24.49-PM-1-768x576.jpeg 768w, https:\/\/consorciowilliamprescott.edu.pe\/wp-content\/uploads\/2020\/05\/WhatsApp-Image-2020-05-02-at-6.24.49-PM-1-360x270.jpeg 360w, https:\/\/consorciowilliamprescott.edu.pe\/wp-content\/uploads\/2020\/05\/WhatsApp-Image-2020-05-02-at-6.24.49-PM-1.jpeg 1280w\" sizes=\"auto, (max-width: 640px) 100vw, 640px\" \/><\/p>\n<h1>MISI\u00d3N<\/h1>\n<p>El Consorcio Educativo \u201cWilliam Prescott\u201d se orienta a la formaci\u00f3n integral del educando para lograr afirmar en los estudiantes valores como: la \u00e9tica individual y social, el respeto a Dios a trav\u00e9s de una ense\u00f1anza de calidad con metodolog\u00edas activas, integrando el deporte, la cultura, motiv\u00e1ndolos a la excelencia y la competitividad que permitan construir futuros ciudadanos responsables y solidarios con una actitud reflexiva, cr\u00edtica y constructiva, frente a la realidad donde se desenvuelven utilizando la tecnolog\u00eda a su alcance.<\/p>\n<p><img decoding=\"async\" class=\"wp-image-199 size-large aligncenter\" src=\"http:\/\/consorciowilliamprescott.edu.pe\/wp-content\/uploads\/2020\/05\/WhatsApp-Image-2020-05-02-at-6.24.44-PM-1-1024x768.jpeg\" alt=\"\" width=\"640\" height=\"480\" loading=\"lazy\" srcset=\"https:\/\/consorciowilliamprescott.edu.pe\/wp-content\/uploads\/2020\/05\/WhatsApp-Image-2020-05-02-at-6.24.44-PM-1-1024x768.jpeg 1024w, https:\/\/consorciowilliamprescott.edu.pe\/wp-content\/uploads\/2020\/05\/WhatsApp-Image-2020-05-02-at-6.24.44-PM-1-300x225.jpeg 300w, https:\/\/consorciowilliamprescott.edu.pe\/wp-content\/uploads\/2020\/05\/WhatsApp-Image-2020-05-02-at-6.24.44-PM-1-768x576.jpeg 768w, https:\/\/consorciowilliamprescott.edu.pe\/wp-content\/uploads\/2020\/05\/WhatsApp-Image-2020-05-02-at-6.24.44-PM-1-360x270.jpeg 360w, https:\/\/consorciowilliamprescott.edu.pe\/wp-content\/uploads\/2020\/05\/WhatsApp-Image-2020-05-02-at-6.24.44-PM-1.jpeg 1280w\" sizes=\"auto, (max-width: 640px) 100vw, 640px\" \/><\/p>\n<p>Esta gran responsabilidad es compartida entre Promotor\u00eda, Direcci\u00f3n, Docentes, y Personal Administrativo con amor, dedicaci\u00f3n y la colaboraci\u00f3n permanente de los Padres de Familia.<\/p>\n<p>Para ver reflejada nuestra misi\u00f3n y visi\u00f3n en cada uno de nuestros alumnos nos proponemos lo siguiente:<\/p>\n<ul>\n<li>Desarrollar un plan curricular que atienda los intereses y demandas de nuestros alumnos de acuerdo al nivel y el progresivo avance acad\u00e9mico de nuestros estudiantes, acompa\u00f1ado de la m\u00e1s alta tecnolog\u00eda.<\/li>\n<li>Dotar a la Instituci\u00f3n de materiales educativos: concretos, audiovisuales y otros que sean pertinentes acordes con nuestra propuesta curricular.<\/li>\n<li>Formar y capacitar a los docentes para que desarrollen nuevos y adecuados enfoques educativos.<\/li>\n<li>Incentivar a nuestros docentes para que estudiando logren obtener mayores grados y no quedarse s\u00f3lo en la licenciatura.<\/li>\n<li>Actualizar al personal administrativo para realizar la gesti\u00f3n institucional como soporte de la gesti\u00f3n pedag\u00f3gica.<\/li>\n<li>Ser una I.E. que genere innovaciones educativas y cuenten con materiales, equipos e infraestructura adecuada.<\/li>\n<li>Brindar un servicio educativo de calidad, hacia la comunidad basado en una organizaci\u00f3n eficiente, en donde el cliente sea nuestro principal centro de inter\u00e9s y atenci\u00f3n, brind\u00e1ndole un servicio institucional, con procesos administrativos cortos de alta eficacia, y una organizaci\u00f3n din\u00e1mica, equipada, eficiente y altamente competitiva.<\/li>\n<\/ul>\n<p>La Direcci\u00f3n.<\/p>\n<\/body>","protected":false},"excerpt":{"rendered":"<p>LOGROS DE LA INSTITUCI\u00d3N A LA FECHA Nuestra Instituci\u00f3n se mantiene en el liderazgo de la educaci\u00f3n en el Distrito de Los Olivos y Lima Metropolitana, gracias al alto nivel de ense\u00f1anza que se imparte a partir del nivel Inicial, <a href=\"https:\/\/consorciowilliamprescott.edu.pe\/index.php\/quienessomos\/\" class=\"read-more\">Read More &#8230;<\/a><\/p>\n","protected":false},"author":1,"featured_media":185,"parent":0,"menu_order":0,"comment_status":"closed","ping_status":"closed","template":"","meta":{"om_disable_all_campaigns":false,"_monsterinsights_skip_tracking":false,"_monsterinsights_sitenote_active":false,"_monsterinsights_sitenote_note":"","_monsterinsights_sitenote_category":0,"footnotes":""},"class_list":["post-33","page","type-page","status-publish","has-post-thumbnail","hentry"],"_links":{"self":[{"href":"https:\/\/consorciowilliamprescott.edu.pe\/index.php\/wp-json\/wp\/v2\/pages\/33","targetHints":{"allow":["GET"]}}],"collection":[{"href":"https:\/\/consorciowilliamprescott.edu.pe\/index.php\/wp-json\/wp\/v2\/pages"}],"about":[{"href":"https:\/\/consorciowilliamprescott.edu.pe\/index.php\/wp-json\/wp\/v2\/types\/page"}],"author":[{"embeddable":true,"href":"https:\/\/consorciowilliamprescott.edu.pe\/index.php\/wp-json\/wp\/v2\/users\/1"}],"replies":[{"embeddable":true,"href":"https:\/\/consorciowilliamprescott.edu.pe\/index.php\/wp-json\/wp\/v2\/comments?post=33"}],"version-history":[{"count":16,"href":"https:\/\/consorciowilliamprescott.edu.pe\/index.php\/wp-json\/wp\/v2\/pages\/33\/revisions"}],"predecessor-version":[{"id":200,"href":"https:\/\/consorciowilliamprescott.edu.pe\/index.php\/wp-json\/wp\/v2\/pages\/33\/revisions\/200"}],"wp:featuredmedia":[{"embeddable":true,"href":"https:\/\/consorciowilliamprescott.edu.pe\/index.php\/wp-json\/wp\/v2\/media\/185"}],"wp:attachment":[{"href":"https:\/\/consorciowilliamprescott.edu.pe\/index.php\/wp-json\/wp\/v2\/media?parent=33"}],"curies":[{"name":"wp","href":"https:\/\/api.w.org\/{rel}","templated":true}]}}