{"id":39,"date":"2015-11-15T07:55:38","date_gmt":"2015-11-15T07:55:38","guid":{"rendered":"http:\/\/demo.wenthemes.com\/education-hub\/?page_id=39"},"modified":"2020-05-03T16:45:32","modified_gmt":"2020-05-03T16:45:32","slug":"inicialyprimaria","status":"publish","type":"page","link":"https:\/\/consorciowilliamprescott.edu.pe\/index.php\/inicialyprimaria\/","title":{"rendered":"Inicial y Primaria"},"content":{"rendered":"<body><p><\/p>\n<h1 class=\"p1\">Inicial<\/h1>\n<p class=\"p1\">Brindamos una educaci\u00f3n basada en un aprendizaje vivencial con profesoras especialistas<\/p>\n<ul>\n<li class=\"p1\"><span class=\"Apple-converted-space\">\u00a0 <\/span>Sistema acad\u00e9mico Prescott<\/li>\n<li class=\"p1\"><span class=\"Apple-converted-space\">\u00a0 <\/span>Utilizaci\u00f3n de bits de inteligencia<\/li>\n<li class=\"p1\"><span class=\"Apple-converted-space\">\u00a0 <\/span>Viajes de estudio<\/li>\n<li class=\"p1\"><span class=\"Apple-converted-space\">\u00a0 <\/span>Plana docente especialista en nivel inici8al<\/li>\n<li class=\"p1\"><span class=\"Apple-converted-space\">\u00a0 <\/span>Asesor\u00edas Acad\u00e9micas<\/li>\n<li class=\"p1\"><span class=\"Apple-converted-space\">\u00a0 <\/span>Tareas desarrolladas con la ayuda de profesores<\/li>\n<\/ul>\n<p>\u00a0<\/p>\n<p><img decoding=\"async\" class=\"aligncenter wp-image-206 size-full\" src=\"http:\/\/consorciowilliamprescott.edu.pe\/wp-content\/uploads\/2020\/05\/WhatsApp-Image-2020-05-02-at-6.24.45-PM-1-1.jpeg\" alt=\"\" width=\"1280\" height=\"960\" loading=\"lazy\" srcset=\"https:\/\/consorciowilliamprescott.edu.pe\/wp-content\/uploads\/2020\/05\/WhatsApp-Image-2020-05-02-at-6.24.45-PM-1-1.jpeg 1280w, https:\/\/consorciowilliamprescott.edu.pe\/wp-content\/uploads\/2020\/05\/WhatsApp-Image-2020-05-02-at-6.24.45-PM-1-1-300x225.jpeg 300w, https:\/\/consorciowilliamprescott.edu.pe\/wp-content\/uploads\/2020\/05\/WhatsApp-Image-2020-05-02-at-6.24.45-PM-1-1-1024x768.jpeg 1024w, https:\/\/consorciowilliamprescott.edu.pe\/wp-content\/uploads\/2020\/05\/WhatsApp-Image-2020-05-02-at-6.24.45-PM-1-1-768x576.jpeg 768w, https:\/\/consorciowilliamprescott.edu.pe\/wp-content\/uploads\/2020\/05\/WhatsApp-Image-2020-05-02-at-6.24.45-PM-1-1-360x270.jpeg 360w\" sizes=\"auto, (max-width: 1280px) 100vw, 1280px\" \/><\/p>\n<h1 class=\"p1\">Primaria<\/h1>\n<p class=\"p1\">Brindamos una educaci\u00f3n basada en el aprendizaje significativo y personalizado para que su ni\u00f1o sea un estudiante de \u00e9xito.<\/p>\n<p class=\"p1\">Sistema Acad\u00e9mico Prescott:<\/p>\n<ul>\n<li class=\"p1\"><span class=\"Apple-converted-space\">\u00a0 <\/span>Plana docente especialista en nivel primaria<\/li>\n<li class=\"p1\"><span class=\"Apple-converted-space\">\u00a0 <\/span>Asesor\u00edas Acad\u00e9micas<\/li>\n<li class=\"p1\"><span class=\"Apple-converted-space\">\u00a0 <\/span>Tareas desarrolladas con la ayuda de profesores<\/li>\n<\/ul>\n<p><\/p>\n<\/body>","protected":false},"excerpt":{"rendered":"<p>Inicial Brindamos una educaci\u00f3n basada en un aprendizaje vivencial con profesoras especialistas \u00a0 Sistema acad\u00e9mico Prescott \u00a0 Utilizaci\u00f3n de bits de inteligencia \u00a0 Viajes de estudio \u00a0 Plana docente especialista en nivel inici8al \u00a0 Asesor\u00edas Acad\u00e9micas \u00a0 Tareas desarrolladas con <a href=\"https:\/\/consorciowilliamprescott.edu.pe\/index.php\/inicialyprimaria\/\" class=\"read-more\">Read More &#8230;<\/a><\/p>\n","protected":false},"author":1,"featured_media":208,"parent":0,"menu_order":0,"comment_status":"closed","ping_status":"closed","template":"","meta":{"om_disable_all_campaigns":false,"_monsterinsights_skip_tracking":false,"_monsterinsights_sitenote_active":false,"_monsterinsights_sitenote_note":"","_monsterinsights_sitenote_category":0,"footnotes":""},"class_list":["post-39","page","type-page","status-publish","has-post-thumbnail","hentry"],"_links":{"self":[{"href":"https:\/\/consorciowilliamprescott.edu.pe\/index.php\/wp-json\/wp\/v2\/pages\/39","targetHints":{"allow":["GET"]}}],"collection":[{"href":"https:\/\/consorciowilliamprescott.edu.pe\/index.php\/wp-json\/wp\/v2\/pages"}],"about":[{"href":"https:\/\/consorciowilliamprescott.edu.pe\/index.php\/wp-json\/wp\/v2\/types\/page"}],"author":[{"embeddable":true,"href":"https:\/\/consorciowilliamprescott.edu.pe\/index.php\/wp-json\/wp\/v2\/users\/1"}],"replies":[{"embeddable":true,"href":"https:\/\/consorciowilliamprescott.edu.pe\/index.php\/wp-json\/wp\/v2\/comments?post=39"}],"version-history":[{"count":9,"href":"https:\/\/consorciowilliamprescott.edu.pe\/index.php\/wp-json\/wp\/v2\/pages\/39\/revisions"}],"predecessor-version":[{"id":227,"href":"https:\/\/consorciowilliamprescott.edu.pe\/index.php\/wp-json\/wp\/v2\/pages\/39\/revisions\/227"}],"wp:featuredmedia":[{"embeddable":true,"href":"https:\/\/consorciowilliamprescott.edu.pe\/index.php\/wp-json\/wp\/v2\/media\/208"}],"wp:attachment":[{"href":"https:\/\/consorciowilliamprescott.edu.pe\/index.php\/wp-json\/wp\/v2\/media?parent=39"}],"curies":[{"name":"wp","href":"https:\/\/api.w.org\/{rel}","templated":true}]}}